{"id":13804,"date":"2025-12-15T16:24:52","date_gmt":"2025-12-15T08:24:52","guid":{"rendered":"https:\/\/www.boberry-mach.com\/product\/super-duplex-edelstahl-laufrad-mit-offenem-laufrad\/"},"modified":"2026-02-25T08:41:30","modified_gmt":"2026-02-25T00:41:30","slug":"super-duplex-edelstahl-laufrad-mit-offenem-laufrad","status":"publish","type":"product","link":"https:\/\/www.boberry-mach.com\/de\/super-duplex-edelstahl-laufrad-mit-offenem-laufrad\/","title":{"rendered":"Super-Duplex-Edelstahl-Laufrad mit offenem Laufrad"},"content":{"rendered":"<h2>Technische Daten<\/h2>\n<table>\n<tbody>\n<tr>\n<td>Spezifikation<\/td>\n<td>Details<\/td>\n<\/tr>\n<tr>\n<td>Material<\/td>\n<td>Super-Duplex-Edelstahl (F55)<\/td>\n<\/tr>\n<tr>\n<td>Typ<\/td>\n<td>Offenes Laufrad<\/td>\n<\/tr>\n<tr>\n<td>Gr\u00f6\u00dfe<\/td>\n<td>Sondergr\u00f6\u00dfen erh\u00e4ltlich<\/td>\n<\/tr>\n<tr>\n<td>Gewicht<\/td>\n<td>Variiert je nach Gr\u00f6\u00dfe<\/td>\n<\/tr>\n<tr>\n<td>Korrosionsbest\u00e4ndigkeit<\/td>\n<td>Hervorragend geeignet f\u00fcr chloridreiche Umgebungen<\/td>\n<\/tr>\n<tr>\n<td>H\u00e4rte<\/td>\n<td>Bis zu 1250 HV1<\/td>\n<\/tr>\n<tr>\n<td>Toleranz<\/td>\n<td>Innerhalb von 0,05 mm<\/td>\n<\/tr>\n<tr>\n<td>Oberfl\u00e4chenbeschaffenheit<\/td>\n<td>Glatt, ohne Kratzer<\/td>\n<\/tr>\n<\/tbody>\n<\/table>\n<h2>Anwendungen<\/h2>\n<ul>\n<li><strong>Meerwasserentsalzung:<\/strong> Ideal f\u00fcr den Einsatz in Meerwasserpumpen und Entsalzungsanlagen.<\/li>\n<li><strong>Petrochemische Industrie<\/strong>: Geeignet f\u00fcr Pumpen, die aggressive Kohlenwasserstoffe und Chemikalien f\u00f6rdern.<\/li>\n<li><strong>Schiffstechnik:<\/strong> Optimiert f\u00fcr Unterwasser- und Umgebungen mit hohem Salzgehalt.<\/li>\n<li><strong>Stromerzeugung:<\/strong> Unverzichtbar f\u00fcr K\u00fchlsysteme und die F\u00f6rderung von Fl\u00fcssigkeiten in Kraftwerken.<\/li>\n<li><strong>Bergbau:<\/strong> Einsatz in Schlammpumpen und anderen industriellen Hochleistungs-Fl\u00fcssigkeitssystemen.<\/li>\n<\/ul>\n","protected":false},"excerpt":{"rendered":"<ul>\n<li><strong>Hohe Festigkeit:<\/strong> Super-Duplex-Edelstahl bietet eine hervorragende mechanische Festigkeit und eignet sich daher perfekt f\u00fcr anspruchsvolle Bedingungen.<\/li>\n<li><strong>Korrosionsbest\u00e4ndigkeit<\/strong>: Aufgrund seiner au\u00dfergew\u00f6hnlichen Best\u00e4ndigkeit gegen Spannungskorrosion und Lochfra\u00df eignet es sich perfekt f\u00fcr raue chemische Bedingungen.<\/li>\n<li><strong>Haltbarkeit:<\/strong> F\u00fcr den Einsatz unter hohem Druck und hohen Temperaturen ausgelegt, gew\u00e4hrleistet langfristige Zuverl\u00e4ssigkeit.<\/li>\n<li><strong>Vielseitiges Design<\/strong>: Geeignet f\u00fcr verschiedene Pumpensysteme, bietet effiziente Leistung in unterschiedlichen Industriebereichen.<\/li>\n<li><strong>Offenes Design:<\/strong> Sorgt f\u00fcr einen reibungslosen Fl\u00fcssigkeitsfluss und verringert die Wahrscheinlichkeit von Verstopfungen in anspruchsvollen Pumpenanwendungen.<\/li>\n<\/ul>\n","protected":false},"featured_media":13805,"comment_status":"closed","ping_status":"closed","template":"","meta":{"_acf_changed":false,"site-sidebar-layout":"default","site-content-layout":"","ast-site-content-layout":"default","site-content-style":"default","site-sidebar-style":"default","ast-global-header-display":"","ast-banner-title-visibility":"","ast-main-header-display":"","ast-hfb-above-header-display":"","ast-hfb-below-header-display":"","ast-hfb-mobile-header-display":"","site-post-title":"","ast-breadcrumbs-content":"","ast-featured-img":"","footer-sml-layout":"","theme-transparent-header-meta":"default","adv-header-id-meta":"","stick-header-meta":"","header-above-stick-meta":"","header-main-stick-meta":"","header-below-stick-meta":"","astra-migrate-meta-layouts":"set","ast-page-background-enabled":"default","ast-page-background-meta":{"desktop":{"background-color":"var(--ast-global-color-5)","background-image":"","background-repeat":"repeat","background-position":"center center","background-size":"auto","background-attachment":"scroll","background-type":"","background-media":"","overlay-type":"","overlay-color":"","overlay-opacity":"","overlay-gradient":""},"tablet":{"background-color":"","background-image":"","background-repeat":"repeat","background-position":"center center","background-size":"auto","background-attachment":"scroll","background-type":"","background-media":"","overlay-type":"","overlay-color":"","overlay-opacity":"","overlay-gradient":""},"mobile":{"background-color":"","background-image":"","background-repeat":"repeat","background-position":"center center","background-size":"auto","background-attachment":"scroll","background-type":"","background-media":"","overlay-type":"","overlay-color":"","overlay-opacity":"","overlay-gradient":""}},"ast-content-background-meta":{"desktop":{"background-color":"var(--ast-global-color-4)","background-image":"","background-repeat":"repeat","background-position":"center center","background-size":"auto","background-attachment":"scroll","background-type":"","background-media":"","overlay-type":"","overlay-color":"","overlay-opacity":"","overlay-gradient":""},"tablet":{"background-color":"var(--ast-global-color-4)","background-image":"","background-repeat":"repeat","background-position":"center center","background-size":"auto","background-attachment":"scroll","background-type":"","background-media":"","overlay-type":"","overlay-color":"","overlay-opacity":"","overlay-gradient":""},"mobile":{"background-color":"var(--ast-global-color-4)","background-image":"","background-repeat":"repeat","background-position":"center center","background-size":"auto","background-attachment":"scroll","background-type":"","background-media":"","overlay-type":"","overlay-color":"","overlay-opacity":"","overlay-gradient":""}}},"product_brand":[],"product_cat":[73],"product_tag":[],"class_list":{"0":"post-13804","1":"product","2":"type-product","3":"status-publish","4":"has-post-thumbnail","6":"product_cat-gussteile","7":"desktop-align-left","8":"tablet-align-left","9":"mobile-align-left","11":"first","12":"instock","13":"shipping-taxable","14":"product-type-simple"},"acf":[],"_links":{"self":[{"href":"https:\/\/www.boberry-mach.com\/de\/wp-json\/wp\/v2\/product\/13804","targetHints":{"allow":["GET"]}}],"collection":[{"href":"https:\/\/www.boberry-mach.com\/de\/wp-json\/wp\/v2\/product"}],"about":[{"href":"https:\/\/www.boberry-mach.com\/de\/wp-json\/wp\/v2\/types\/product"}],"replies":[{"embeddable":true,"href":"https:\/\/www.boberry-mach.com\/de\/wp-json\/wp\/v2\/comments?post=13804"}],"wp:featuredmedia":[{"embeddable":true,"href":"https:\/\/www.boberry-mach.com\/de\/wp-json\/wp\/v2\/media\/13805"}],"wp:attachment":[{"href":"https:\/\/www.boberry-mach.com\/de\/wp-json\/wp\/v2\/media?parent=13804"}],"wp:term":[{"taxonomy":"product_brand","embeddable":true,"href":"https:\/\/www.boberry-mach.com\/de\/wp-json\/wp\/v2\/product_brand?post=13804"},{"taxonomy":"product_cat","embeddable":true,"href":"https:\/\/www.boberry-mach.com\/de\/wp-json\/wp\/v2\/product_cat?post=13804"},{"taxonomy":"product_tag","embeddable":true,"href":"https:\/\/www.boberry-mach.com\/de\/wp-json\/wp\/v2\/product_tag?post=13804"}],"curies":[{"name":"wp","href":"https:\/\/api.w.org\/{rel}","templated":true}]}}