{"id":13802,"date":"2025-12-15T16:41:56","date_gmt":"2025-12-15T08:41:56","guid":{"rendered":"https:\/\/www.boberry-mach.com\/product\/super-duplex-edelstahl-t-stueck-mit-gleichem-anschluss\/"},"modified":"2026-02-24T13:13:43","modified_gmt":"2026-02-24T05:13:43","slug":"super-duplex-edelstahl-t-stueck-mit-gleichem-anschluss","status":"publish","type":"product","link":"https:\/\/www.boberry-mach.com\/de\/super-duplex-edelstahl-t-stueck-mit-gleichem-anschluss\/","title":{"rendered":"Super-Duplex-Edelstahl-T-St\u00fcck mit gleichem Anschluss"},"content":{"rendered":"<h2>Technische Daten<\/h2>\n<table>\n<tbody>\n<tr>\n<td>Spezifikation<\/td>\n<td>Details<\/td>\n<\/tr>\n<tr>\n<td>Material<\/td>\n<td>Super-Duplex-Edelstahl<\/td>\n<\/tr>\n<tr>\n<td>Typ<\/td>\n<td>Gleiches T-St\u00fcck<\/td>\n<\/tr>\n<tr>\n<td>Nennweite<\/td>\n<td>Anpassbar (1\/2\u201e bis 4\u201c)<\/td>\n<\/tr>\n<tr>\n<td>Druckbewertung<\/td>\n<td>Hohe Druckfestigkeit<\/td>\n<\/tr>\n<tr>\n<td>Korrosionsbest\u00e4ndigkeit<\/td>\n<td>Hervorragend geeignet f\u00fcr raue, aggressive Umgebungen<\/td>\n<\/tr>\n<tr>\n<td>Temperaturbereich<\/td>\n<td>Bis zu 500 \u00b0F (260 \u00b0C)<\/td>\n<\/tr>\n<tr>\n<td>Verbindungstyp<\/td>\n<td>Stumpfschwei\u00dfung, Muffenschwei\u00dfung, Gewinde<\/td>\n<\/tr>\n<tr>\n<td>Abmessungen<\/td>\n<td>Sondergr\u00f6\u00dfen erh\u00e4ltlich<\/td>\n<\/tr>\n<\/tbody>\n<\/table>\n<p>&nbsp;<\/p>\n","protected":false},"excerpt":{"rendered":"<ul>\n<li><strong>Korrosionsbest\u00e4ndigkeit:<\/strong> Das Super-Duplex-Material bietet hervorragende Haltbarkeit und Schutz in rauen Umgebungen wie der Schifffahrt und der chemischen Industrie.<\/li>\n<li><strong>Hohe Festigkeit:<\/strong> Bietet \u00fcberlegene Festigkeit f\u00fcr Hochdrucksysteme und anspruchsvolle Anwendungen.<\/li>\n<li><strong>Vielseitigkeit:<\/strong> Erh\u00e4ltlich in verschiedenen Gr\u00f6\u00dfen und Anschlussoptionen, wodurch es mit verschiedenen industriellen Systemen kompatibel ist.<\/li>\n<li><strong>Langlebige Haltbarkeit:<\/strong> Bietet eine zuverl\u00e4ssige, langlebige L\u00f6sung f\u00fcr langfristige Rohrleitungssysteme mit minimalem Wartungsaufwand.<\/li>\n<\/ul>\n","protected":false},"featured_media":13803,"comment_status":"closed","ping_status":"closed","template":"","meta":{"_acf_changed":false,"site-sidebar-layout":"default","site-content-layout":"","ast-site-content-layout":"default","site-content-style":"default","site-sidebar-style":"default","ast-global-header-display":"","ast-banner-title-visibility":"","ast-main-header-display":"","ast-hfb-above-header-display":"","ast-hfb-below-header-display":"","ast-hfb-mobile-header-display":"","site-post-title":"","ast-breadcrumbs-content":"","ast-featured-img":"","footer-sml-layout":"","theme-transparent-header-meta":"default","adv-header-id-meta":"","stick-header-meta":"","header-above-stick-meta":"","header-main-stick-meta":"","header-below-stick-meta":"","astra-migrate-meta-layouts":"set","ast-page-background-enabled":"default","ast-page-background-meta":{"desktop":{"background-color":"var(--ast-global-color-5)","background-image":"","background-repeat":"repeat","background-position":"center center","background-size":"auto","background-attachment":"scroll","background-type":"","background-media":"","overlay-type":"","overlay-color":"","overlay-opacity":"","overlay-gradient":""},"tablet":{"background-color":"","background-image":"","background-repeat":"repeat","background-position":"center center","background-size":"auto","background-attachment":"scroll","background-type":"","background-media":"","overlay-type":"","overlay-color":"","overlay-opacity":"","overlay-gradient":""},"mobile":{"background-color":"","background-image":"","background-repeat":"repeat","background-position":"center center","background-size":"auto","background-attachment":"scroll","background-type":"","background-media":"","overlay-type":"","overlay-color":"","overlay-opacity":"","overlay-gradient":""}},"ast-content-background-meta":{"desktop":{"background-color":"var(--ast-global-color-4)","background-image":"","background-repeat":"repeat","background-position":"center center","background-size":"auto","background-attachment":"scroll","background-type":"","background-media":"","overlay-type":"","overlay-color":"","overlay-opacity":"","overlay-gradient":""},"tablet":{"background-color":"var(--ast-global-color-4)","background-image":"","background-repeat":"repeat","background-position":"center center","background-size":"auto","background-attachment":"scroll","background-type":"","background-media":"","overlay-type":"","overlay-color":"","overlay-opacity":"","overlay-gradient":""},"mobile":{"background-color":"var(--ast-global-color-4)","background-image":"","background-repeat":"repeat","background-position":"center center","background-size":"auto","background-attachment":"scroll","background-type":"","background-media":"","overlay-type":"","overlay-color":"","overlay-opacity":"","overlay-gradient":""}}},"product_brand":[],"product_cat":[73],"product_tag":[],"class_list":{"0":"post-13802","1":"product","2":"type-product","3":"status-publish","4":"has-post-thumbnail","6":"product_cat-gussteile","7":"desktop-align-left","8":"tablet-align-left","9":"mobile-align-left","11":"first","12":"instock","13":"shipping-taxable","14":"product-type-simple"},"acf":[],"_links":{"self":[{"href":"https:\/\/www.boberry-mach.com\/de\/wp-json\/wp\/v2\/product\/13802","targetHints":{"allow":["GET"]}}],"collection":[{"href":"https:\/\/www.boberry-mach.com\/de\/wp-json\/wp\/v2\/product"}],"about":[{"href":"https:\/\/www.boberry-mach.com\/de\/wp-json\/wp\/v2\/types\/product"}],"replies":[{"embeddable":true,"href":"https:\/\/www.boberry-mach.com\/de\/wp-json\/wp\/v2\/comments?post=13802"}],"wp:featuredmedia":[{"embeddable":true,"href":"https:\/\/www.boberry-mach.com\/de\/wp-json\/wp\/v2\/media\/13803"}],"wp:attachment":[{"href":"https:\/\/www.boberry-mach.com\/de\/wp-json\/wp\/v2\/media?parent=13802"}],"wp:term":[{"taxonomy":"product_brand","embeddable":true,"href":"https:\/\/www.boberry-mach.com\/de\/wp-json\/wp\/v2\/product_brand?post=13802"},{"taxonomy":"product_cat","embeddable":true,"href":"https:\/\/www.boberry-mach.com\/de\/wp-json\/wp\/v2\/product_cat?post=13802"},{"taxonomy":"product_tag","embeddable":true,"href":"https:\/\/www.boberry-mach.com\/de\/wp-json\/wp\/v2\/product_tag?post=13802"}],"curies":[{"name":"wp","href":"https:\/\/api.w.org\/{rel}","templated":true}]}}