{"id":13800,"date":"2025-12-16T13:25:24","date_gmt":"2025-12-16T05:25:24","guid":{"rendered":"https:\/\/www.boberry-mach.com\/product\/zylinderhuelsen-mit-flansch\/"},"modified":"2026-02-24T10:49:27","modified_gmt":"2026-02-24T02:49:27","slug":"zylinderhuelsen-mit-flansch","status":"publish","type":"product","link":"https:\/\/www.boberry-mach.com\/de\/zylinderhuelsen-mit-flansch\/","title":{"rendered":"Zylinderh\u00fclsen mit Flansch"},"content":{"rendered":"<h2>Technische Daten<\/h2>\n<table>\n<tbody>\n<tr>\n<td>Artikel<\/td>\n<td>Beschreibung<\/td>\n<\/tr>\n<tr>\n<td>Material<\/td>\n<td>Gusseisen, Stahl oder hochfeste Legierungen (kundenspezifisch)<\/td>\n<\/tr>\n<tr>\n<td>L\u00e4nge<\/td>\n<td>50 mm bis 250 mm<\/td>\n<\/tr>\n<tr>\n<td>Au\u00dfendurchmesser<\/td>\n<td>50 mm bis 250 mm<\/td>\n<\/tr>\n<tr>\n<td>Innendurchmesser<\/td>\n<td>Bereich: 40 mm bis 200 mm, bestimmte Gr\u00f6\u00dfen erh\u00e4ltlich<\/td>\n<\/tr>\n<tr>\n<td>Wandst\u00e4rke<\/td>\n<td>Typischerweise 3 mm bis 10 mm, je nach Anwendung<\/td>\n<\/tr>\n<tr>\n<td>Zugfestigkeit<\/td>\n<td>300-600 MPa<\/td>\n<\/tr>\n<tr>\n<td>H\u00e4rte<\/td>\n<td>50-60 HRC<\/td>\n<\/tr>\n<tr>\n<td>Beschichtung<\/td>\n<td>Optionale Korrosionsschutzbeschichtungen (z. B. Chrom oder Keramik)<\/td>\n<\/tr>\n<tr>\n<td>Oberfl\u00e4chenbeschaffenheit<\/td>\n<td>Gehonte oder glatte Oberfl\u00e4chenoptionen<\/td>\n<\/tr>\n<tr>\n<td>Pr\u00fcfnormen<\/td>\n<td>Druck-, Ma\u00df- und H\u00e4rtepr\u00fcfungen<\/td>\n<\/tr>\n<tr>\n<td>Einhaltung<\/td>\n<td>Erf\u00fcllt ASTM-, ISO- und andere relevante Normen<\/td>\n<\/tr>\n<\/tbody>\n<\/table>\n<h2>Anwendungen<\/h2>\n<ul>\n<li>Automobilmotoren (f\u00fcr PKWs, LKWs und Busse)<\/li>\n<li>Schwerlastmaschinen (Baumaschinen, Bergbaumaschinen)<\/li>\n<li>Industriemotoren (f\u00fcr Stromgeneratoren, Kompressoren, Turbinen)<\/li>\n<li>Schiffsmotoren (f\u00fcr Boote, Schiffe und Offshore-Plattformen)<\/li>\n<li>Landwirtschaftliche Maschinen (Traktoren, Erntemaschinen und andere dieselbetriebene Ger\u00e4te)<\/li>\n<li>Stromerzeugungssysteme (Diesel- und Gasmotorenanwendungen)<\/li>\n<\/ul>\n","protected":false},"excerpt":{"rendered":"<ul>\n<li><strong>Flanschausf\u00fchrung: <\/strong> Sorgt f\u00fcr einen sicheren Sitz im Motorblock und verbessert so die strukturelle Integrit\u00e4t und Leistung.<\/li>\n<li><strong>Materialoptionen:<\/strong> Gusseisen, Stahl oder kundenspezifische Legierungen f\u00fcr bestimmte Leistungsanforderungen.<\/li>\n<li><strong>Gr\u00f6\u00dfenvarianten:<\/strong> Individuelle Durchmesser, L\u00e4ngen und Wandst\u00e4rken erh\u00e4ltlich.<\/li>\n<li><strong>Oberfl\u00e4chenbearbeitung:<\/strong> Gehont, glatt oder poliert, angepasst an die Motorspezifikationen.<\/li>\n<\/ul>\n","protected":false},"featured_media":13801,"comment_status":"closed","ping_status":"closed","template":"","meta":{"_acf_changed":false,"site-sidebar-layout":"default","site-content-layout":"","ast-site-content-layout":"default","site-content-style":"default","site-sidebar-style":"default","ast-global-header-display":"","ast-banner-title-visibility":"","ast-main-header-display":"","ast-hfb-above-header-display":"","ast-hfb-below-header-display":"","ast-hfb-mobile-header-display":"","site-post-title":"","ast-breadcrumbs-content":"","ast-featured-img":"","footer-sml-layout":"","theme-transparent-header-meta":"default","adv-header-id-meta":"","stick-header-meta":"","header-above-stick-meta":"","header-main-stick-meta":"","header-below-stick-meta":"","astra-migrate-meta-layouts":"set","ast-page-background-enabled":"default","ast-page-background-meta":{"desktop":{"background-color":"var(--ast-global-color-5)","background-image":"","background-repeat":"repeat","background-position":"center center","background-size":"auto","background-attachment":"scroll","background-type":"","background-media":"","overlay-type":"","overlay-color":"","overlay-opacity":"","overlay-gradient":""},"tablet":{"background-color":"","background-image":"","background-repeat":"repeat","background-position":"center center","background-size":"auto","background-attachment":"scroll","background-type":"","background-media":"","overlay-type":"","overlay-color":"","overlay-opacity":"","overlay-gradient":""},"mobile":{"background-color":"","background-image":"","background-repeat":"repeat","background-position":"center center","background-size":"auto","background-attachment":"scroll","background-type":"","background-media":"","overlay-type":"","overlay-color":"","overlay-opacity":"","overlay-gradient":""}},"ast-content-background-meta":{"desktop":{"background-color":"var(--ast-global-color-4)","background-image":"","background-repeat":"repeat","background-position":"center center","background-size":"auto","background-attachment":"scroll","background-type":"","background-media":"","overlay-type":"","overlay-color":"","overlay-opacity":"","overlay-gradient":""},"tablet":{"background-color":"var(--ast-global-color-4)","background-image":"","background-repeat":"repeat","background-position":"center center","background-size":"auto","background-attachment":"scroll","background-type":"","background-media":"","overlay-type":"","overlay-color":"","overlay-opacity":"","overlay-gradient":""},"mobile":{"background-color":"var(--ast-global-color-4)","background-image":"","background-repeat":"repeat","background-position":"center center","background-size":"auto","background-attachment":"scroll","background-type":"","background-media":"","overlay-type":"","overlay-color":"","overlay-opacity":"","overlay-gradient":""}}},"product_brand":[],"product_cat":[74],"product_tag":[],"class_list":{"0":"post-13800","1":"product","2":"type-product","3":"status-publish","4":"has-post-thumbnail","6":"product_cat-schmiedeteile","7":"desktop-align-left","8":"tablet-align-left","9":"mobile-align-left","11":"first","12":"instock","13":"shipping-taxable","14":"product-type-simple"},"acf":[],"_links":{"self":[{"href":"https:\/\/www.boberry-mach.com\/de\/wp-json\/wp\/v2\/product\/13800","targetHints":{"allow":["GET"]}}],"collection":[{"href":"https:\/\/www.boberry-mach.com\/de\/wp-json\/wp\/v2\/product"}],"about":[{"href":"https:\/\/www.boberry-mach.com\/de\/wp-json\/wp\/v2\/types\/product"}],"replies":[{"embeddable":true,"href":"https:\/\/www.boberry-mach.com\/de\/wp-json\/wp\/v2\/comments?post=13800"}],"wp:featuredmedia":[{"embeddable":true,"href":"https:\/\/www.boberry-mach.com\/de\/wp-json\/wp\/v2\/media\/13801"}],"wp:attachment":[{"href":"https:\/\/www.boberry-mach.com\/de\/wp-json\/wp\/v2\/media?parent=13800"}],"wp:term":[{"taxonomy":"product_brand","embeddable":true,"href":"https:\/\/www.boberry-mach.com\/de\/wp-json\/wp\/v2\/product_brand?post=13800"},{"taxonomy":"product_cat","embeddable":true,"href":"https:\/\/www.boberry-mach.com\/de\/wp-json\/wp\/v2\/product_cat?post=13800"},{"taxonomy":"product_tag","embeddable":true,"href":"https:\/\/www.boberry-mach.com\/de\/wp-json\/wp\/v2\/product_tag?post=13800"}],"curies":[{"name":"wp","href":"https:\/\/api.w.org\/{rel}","templated":true}]}}