{"id":13795,"date":"2025-12-16T14:27:27","date_gmt":"2025-12-16T06:27:27","guid":{"rendered":"https:\/\/www.boberry-mach.com\/product\/gewindenabe\/"},"modified":"2026-02-24T10:09:48","modified_gmt":"2026-02-24T02:09:48","slug":"gewindenabe","status":"publish","type":"product","link":"https:\/\/www.boberry-mach.com\/de\/gewindenabe\/","title":{"rendered":"Gewindenabe"},"content":{"rendered":"<h2>Technische Daten<\/h2>\n<table>\n<tbody>\n<tr>\n<td>Artikel<\/td>\n<td>Spezifikation<\/td>\n<\/tr>\n<tr>\n<td>Material<\/td>\n<td>Stahl, Aluminium oder kundenspezifische Legierungen<\/td>\n<\/tr>\n<tr>\n<td>Gewindetyp<\/td>\n<td>ISO-, BSP-, NPT- oder kundenspezifische Gewindeprofile<\/td>\n<\/tr>\n<tr>\n<td>Au\u00dfendurchmesser<\/td>\n<td>30 mm bis 200 mm<\/td>\n<\/tr>\n<tr>\n<td>Innendurchmesser<\/td>\n<td>20 mm bis 150 mm<\/td>\n<\/tr>\n<tr>\n<td>L\u00e4nge<\/td>\n<td>30 mm bis 150 mm<\/td>\n<\/tr>\n<tr>\n<td>Zugfestigkeit<\/td>\n<td>400-800 MPa<\/td>\n<\/tr>\n<tr>\n<td>H\u00e4rte<\/td>\n<td>50-60 HRC<\/td>\n<\/tr>\n<tr>\n<td>Fertigstellen<\/td>\n<td>Glatte, eloxierte oder kundenspezifische Oberfl\u00e4chen f\u00fcr Korrosionsschutz<\/td>\n<\/tr>\n<tr>\n<td>Toleranz<\/td>\n<td>\u00b10,5 mm<\/td>\n<\/tr>\n<tr>\n<td>Tragf\u00e4higkeit<\/td>\n<td>Optimiert f\u00fcr Anwendungen mit hohem Drehmoment und hoher Belastung<\/td>\n<\/tr>\n<tr>\n<td>Pr\u00fcfnormen<\/td>\n<td>Ma\u00dfpr\u00fcfung, Belastungspr\u00fcfung und Materialpr\u00fcfung<\/td>\n<\/tr>\n<tr>\n<td>Einhaltung<\/td>\n<td>Erf\u00fcllt ISO-, ASTM- und andere relevante Normen<\/td>\n<\/tr>\n<\/tbody>\n<\/table>\n<h2>Anwendungen<\/h2>\n<ul>\n<li>Automobiltechnik (zur Befestigung von Bauteilen in Antriebsstr\u00e4ngen, Achsen und Antriebsaggregaten)<\/li>\n<li>Industriemaschinen (f\u00fcr Kraft\u00fcbertragungssysteme, Pumpen und Kompressoren)<\/li>\n<li>Baumaschinen (f\u00fcr den Einsatz in Schwerlastmaschinen wie Kr\u00e4nen, Bulldozern)<\/li>\n<li>Marineanwendungen (in Motoren, Antriebsstr\u00e4ngen und Offshore-Ausr\u00fcstung)<\/li>\n<li>Landwirtschaftliche Maschinen (f\u00fcr Traktoren, Erntemaschinen und andere landwirtschaftliche Ger\u00e4te)<\/li>\n<li>Robotik (f\u00fcr die Drehmoment\u00fcbertragung in Roboterarmen und Automatisierungssystemen)<\/li>\n<\/ul>\n","protected":false},"excerpt":{"rendered":"<ul>\n<li><strong>Materialoptionen: <\/strong> geschmiedeter Stahl, legierter Stahl oder andere kundenspezifische Legierungen.<\/li>\n<li><strong>Gewindekonfigurationen:<\/strong> Erh\u00e4ltlich in ISO-, BSP-, NPT- oder kundenspezifischen Gewindeprofilen.<\/li>\n<li><strong>Gr\u00f6\u00dfenvarianten:<\/strong> Kundenspezifische Durchmesser, L\u00e4ngen und Innendurchmesser-Konfigurationen.<\/li>\n<li><strong>Markierung und Gravur<\/strong>: Individuelle Teilenummern, Logos oder Kennzeichnungen zur R\u00fcckverfolgbarkeit.<\/li>\n<li><strong>Prototypenfertigung<\/strong>: Vor der Serienfertigung werden Kleinserien und Testl\u00e4ufe durchgef\u00fchrt.<\/li>\n<\/ul>\n","protected":false},"featured_media":13796,"comment_status":"closed","ping_status":"closed","template":"","meta":{"_acf_changed":false,"site-sidebar-layout":"default","site-content-layout":"","ast-site-content-layout":"default","site-content-style":"default","site-sidebar-style":"default","ast-global-header-display":"","ast-banner-title-visibility":"","ast-main-header-display":"","ast-hfb-above-header-display":"","ast-hfb-below-header-display":"","ast-hfb-mobile-header-display":"","site-post-title":"","ast-breadcrumbs-content":"","ast-featured-img":"","footer-sml-layout":"","theme-transparent-header-meta":"default","adv-header-id-meta":"","stick-header-meta":"","header-above-stick-meta":"","header-main-stick-meta":"","header-below-stick-meta":"","astra-migrate-meta-layouts":"set","ast-page-background-enabled":"default","ast-page-background-meta":{"desktop":{"background-color":"var(--ast-global-color-5)","background-image":"","background-repeat":"repeat","background-position":"center center","background-size":"auto","background-attachment":"scroll","background-type":"","background-media":"","overlay-type":"","overlay-color":"","overlay-opacity":"","overlay-gradient":""},"tablet":{"background-color":"","background-image":"","background-repeat":"repeat","background-position":"center center","background-size":"auto","background-attachment":"scroll","background-type":"","background-media":"","overlay-type":"","overlay-color":"","overlay-opacity":"","overlay-gradient":""},"mobile":{"background-color":"","background-image":"","background-repeat":"repeat","background-position":"center center","background-size":"auto","background-attachment":"scroll","background-type":"","background-media":"","overlay-type":"","overlay-color":"","overlay-opacity":"","overlay-gradient":""}},"ast-content-background-meta":{"desktop":{"background-color":"var(--ast-global-color-4)","background-image":"","background-repeat":"repeat","background-position":"center center","background-size":"auto","background-attachment":"scroll","background-type":"","background-media":"","overlay-type":"","overlay-color":"","overlay-opacity":"","overlay-gradient":""},"tablet":{"background-color":"var(--ast-global-color-4)","background-image":"","background-repeat":"repeat","background-position":"center center","background-size":"auto","background-attachment":"scroll","background-type":"","background-media":"","overlay-type":"","overlay-color":"","overlay-opacity":"","overlay-gradient":""},"mobile":{"background-color":"var(--ast-global-color-4)","background-image":"","background-repeat":"repeat","background-position":"center center","background-size":"auto","background-attachment":"scroll","background-type":"","background-media":"","overlay-type":"","overlay-color":"","overlay-opacity":"","overlay-gradient":""}}},"product_brand":[],"product_cat":[74],"product_tag":[],"class_list":{"0":"post-13795","1":"product","2":"type-product","3":"status-publish","4":"has-post-thumbnail","6":"product_cat-schmiedeteile","7":"desktop-align-left","8":"tablet-align-left","9":"mobile-align-left","11":"first","12":"instock","13":"shipping-taxable","14":"product-type-simple"},"acf":[],"_links":{"self":[{"href":"https:\/\/www.boberry-mach.com\/de\/wp-json\/wp\/v2\/product\/13795","targetHints":{"allow":["GET"]}}],"collection":[{"href":"https:\/\/www.boberry-mach.com\/de\/wp-json\/wp\/v2\/product"}],"about":[{"href":"https:\/\/www.boberry-mach.com\/de\/wp-json\/wp\/v2\/types\/product"}],"replies":[{"embeddable":true,"href":"https:\/\/www.boberry-mach.com\/de\/wp-json\/wp\/v2\/comments?post=13795"}],"wp:featuredmedia":[{"embeddable":true,"href":"https:\/\/www.boberry-mach.com\/de\/wp-json\/wp\/v2\/media\/13796"}],"wp:attachment":[{"href":"https:\/\/www.boberry-mach.com\/de\/wp-json\/wp\/v2\/media?parent=13795"}],"wp:term":[{"taxonomy":"product_brand","embeddable":true,"href":"https:\/\/www.boberry-mach.com\/de\/wp-json\/wp\/v2\/product_brand?post=13795"},{"taxonomy":"product_cat","embeddable":true,"href":"https:\/\/www.boberry-mach.com\/de\/wp-json\/wp\/v2\/product_cat?post=13795"},{"taxonomy":"product_tag","embeddable":true,"href":"https:\/\/www.boberry-mach.com\/de\/wp-json\/wp\/v2\/product_tag?post=13795"}],"curies":[{"name":"wp","href":"https:\/\/api.w.org\/{rel}","templated":true}]}}