{"id":13791,"date":"2025-12-16T17:20:43","date_gmt":"2025-12-16T09:20:43","guid":{"rendered":"https:\/\/www.boberry-mach.com\/product\/geschnittene-manschettenrohrverbindungen\/"},"modified":"2026-02-24T09:44:22","modified_gmt":"2026-02-24T01:44:22","slug":"geschnittene-manschettenrohrverbindungen","status":"publish","type":"product","link":"https:\/\/www.boberry-mach.com\/de\/geschnittene-manschettenrohrverbindungen\/","title":{"rendered":"Geschnittene Manschettenrohrverbindungen"},"content":{"rendered":"<h2>Technische Daten<\/h2>\n<table>\n<tbody>\n<tr>\n<td>Artikel<\/td>\n<td>Spezifikation<\/td>\n<\/tr>\n<tr>\n<td>Produktname<\/td>\n<td>Geschnittene Manschettenrohrverbindungen<\/td>\n<\/tr>\n<tr>\n<td>Materialoptionen<\/td>\n<td>Edelstahl (304\/316), Kohlenstoffstahl (A105) oder nach Kundenwunsch<\/td>\n<\/tr>\n<tr>\n<td>Gr\u00f6\u00dfenbereich<\/td>\n<td>1\/8&#8243; bis 4&#8243; NPS (DN6\u2013DN100)<\/td>\n<\/tr>\n<tr>\n<td>Druckbewertung<\/td>\n<td>2000 lb, 3000 lb, 6000 lb<\/td>\n<\/tr>\n<tr>\n<td>Gewindenormen<\/td>\n<td>NPT-, BSPT-, BSPP- oder andere Gewindeformen gem\u00e4\u00df Kundenspezifikation<\/td>\n<\/tr>\n<tr>\n<td>Temperaturbereich<\/td>\n<td>-29 \u00b0C bis +425 \u00b0C (abh\u00e4ngig von der Materialg\u00fcte)<\/td>\n<\/tr>\n<tr>\n<td>Bearbeitungsmethoden<\/td>\n<td>CNC-Bearbeitung, Drehen, Fr\u00e4sen, Bohren<\/td>\n<\/tr>\n<tr>\n<td>W\u00e4rmebehandlungsoptionen<\/td>\n<td>Gl\u00fchen, Normalisieren, Abschrecken und Anlassen, H\u00e4rten<\/td>\n<\/tr>\n<tr>\n<td>Zerst\u00f6rungsfreie Pr\u00fcfung<\/td>\n<td>Magnetpulverpr\u00fcfung, Eindringpr\u00fcfung, Ultraschallpr\u00fcfung, R\u00f6ntgenpr\u00fcfung<\/td>\n<\/tr>\n<tr>\n<td>Lieferzeit<\/td>\n<td>30\u201345 Tage, abh\u00e4ngig von Gr\u00f6\u00dfe und Menge<\/td>\n<\/tr>\n<tr>\n<td>Verpackung<\/td>\n<td>Kartons, seet\u00fcchtige Sperrholzkisten oder Paletten gem\u00e4\u00df Kundenwunsch<\/td>\n<\/tr>\n<\/tbody>\n<\/table>\n<h2>Anwendungen<\/h2>\n<ul>\n<li>Wasserverteilungssysteme<\/li>\n<li>\u00d6l- und Gaspipelines<\/li>\n<li>HLK- und Geb\u00e4udetechnik<\/li>\n<li>Chemische und petrochemische Verarbeitung<\/li>\n<li>Lebensmittel- und Getr\u00e4nkeindustrie<\/li>\n<li>Hochdruck-Hydrauliksysteme<\/li>\n<li>Industrielle Wartungs- und Reparatursysteme<\/li>\n<\/ul>\n","protected":false},"excerpt":{"rendered":"<ul>\n<li><strong>Materialauswahl:<\/strong> Edelstahl, Kohlenstoffstahl oder kundenspezifische Legierungen je nach Anwendungsanforderungen.<\/li>\n<li><strong>Gr\u00f6\u00dfenvarianten:<\/strong> Kundenspezifische Durchmesser und L\u00e4ngen f\u00fcr bestimmte Rohrleitungssysteme.<\/li>\n<li><strong>Einfache Installation:<\/strong> Einfach zu installieren, wodurch die Einrichtungszeit und Komplexit\u00e4t reduziert werden.<\/li>\n<li><strong>Anpassungsf\u00e4hige Anwendungen:<\/strong> Passt zu einer Vielzahl von Rohrleitungssystemen, wie z. B. Gas-, Wasser- und Industriefl\u00fcssigkeitsleitungen.<\/li>\n<\/ul>\n","protected":false},"featured_media":13792,"comment_status":"closed","ping_status":"closed","template":"","meta":{"_acf_changed":false,"site-sidebar-layout":"default","site-content-layout":"","ast-site-content-layout":"default","site-content-style":"default","site-sidebar-style":"default","ast-global-header-display":"","ast-banner-title-visibility":"","ast-main-header-display":"","ast-hfb-above-header-display":"","ast-hfb-below-header-display":"","ast-hfb-mobile-header-display":"","site-post-title":"","ast-breadcrumbs-content":"","ast-featured-img":"","footer-sml-layout":"","theme-transparent-header-meta":"default","adv-header-id-meta":"","stick-header-meta":"","header-above-stick-meta":"","header-main-stick-meta":"","header-below-stick-meta":"","astra-migrate-meta-layouts":"set","ast-page-background-enabled":"default","ast-page-background-meta":{"desktop":{"background-color":"var(--ast-global-color-5)","background-image":"","background-repeat":"repeat","background-position":"center center","background-size":"auto","background-attachment":"scroll","background-type":"","background-media":"","overlay-type":"","overlay-color":"","overlay-opacity":"","overlay-gradient":""},"tablet":{"background-color":"","background-image":"","background-repeat":"repeat","background-position":"center center","background-size":"auto","background-attachment":"scroll","background-type":"","background-media":"","overlay-type":"","overlay-color":"","overlay-opacity":"","overlay-gradient":""},"mobile":{"background-color":"","background-image":"","background-repeat":"repeat","background-position":"center center","background-size":"auto","background-attachment":"scroll","background-type":"","background-media":"","overlay-type":"","overlay-color":"","overlay-opacity":"","overlay-gradient":""}},"ast-content-background-meta":{"desktop":{"background-color":"var(--ast-global-color-4)","background-image":"","background-repeat":"repeat","background-position":"center center","background-size":"auto","background-attachment":"scroll","background-type":"","background-media":"","overlay-type":"","overlay-color":"","overlay-opacity":"","overlay-gradient":""},"tablet":{"background-color":"var(--ast-global-color-4)","background-image":"","background-repeat":"repeat","background-position":"center center","background-size":"auto","background-attachment":"scroll","background-type":"","background-media":"","overlay-type":"","overlay-color":"","overlay-opacity":"","overlay-gradient":""},"mobile":{"background-color":"var(--ast-global-color-4)","background-image":"","background-repeat":"repeat","background-position":"center center","background-size":"auto","background-attachment":"scroll","background-type":"","background-media":"","overlay-type":"","overlay-color":"","overlay-opacity":"","overlay-gradient":""}}},"product_brand":[],"product_cat":[73],"product_tag":[],"class_list":{"0":"post-13791","1":"product","2":"type-product","3":"status-publish","4":"has-post-thumbnail","6":"product_cat-gussteile","7":"desktop-align-left","8":"tablet-align-left","9":"mobile-align-left","11":"first","12":"instock","13":"shipping-taxable","14":"product-type-simple"},"acf":[],"_links":{"self":[{"href":"https:\/\/www.boberry-mach.com\/de\/wp-json\/wp\/v2\/product\/13791","targetHints":{"allow":["GET"]}}],"collection":[{"href":"https:\/\/www.boberry-mach.com\/de\/wp-json\/wp\/v2\/product"}],"about":[{"href":"https:\/\/www.boberry-mach.com\/de\/wp-json\/wp\/v2\/types\/product"}],"replies":[{"embeddable":true,"href":"https:\/\/www.boberry-mach.com\/de\/wp-json\/wp\/v2\/comments?post=13791"}],"wp:featuredmedia":[{"embeddable":true,"href":"https:\/\/www.boberry-mach.com\/de\/wp-json\/wp\/v2\/media\/13792"}],"wp:attachment":[{"href":"https:\/\/www.boberry-mach.com\/de\/wp-json\/wp\/v2\/media?parent=13791"}],"wp:term":[{"taxonomy":"product_brand","embeddable":true,"href":"https:\/\/www.boberry-mach.com\/de\/wp-json\/wp\/v2\/product_brand?post=13791"},{"taxonomy":"product_cat","embeddable":true,"href":"https:\/\/www.boberry-mach.com\/de\/wp-json\/wp\/v2\/product_cat?post=13791"},{"taxonomy":"product_tag","embeddable":true,"href":"https:\/\/www.boberry-mach.com\/de\/wp-json\/wp\/v2\/product_tag?post=13791"}],"curies":[{"name":"wp","href":"https:\/\/api.w.org\/{rel}","templated":true}]}}