{"id":13786,"date":"2025-12-17T09:39:53","date_gmt":"2025-12-17T01:39:53","guid":{"rendered":"https:\/\/www.boberry-mach.com\/product\/klemmrohrverbindungen\/"},"modified":"2026-02-24T09:30:39","modified_gmt":"2026-02-24T01:30:39","slug":"klemmrohrverbindungen","status":"publish","type":"product","link":"https:\/\/www.boberry-mach.com\/de\/klemmrohrverbindungen\/","title":{"rendered":"Klemmrohrverbindungen"},"content":{"rendered":"<h2>Technische Daten<\/h2>\n<table>\n<tbody>\n<tr>\n<td>Artikel<\/td>\n<td>Spezifikation<\/td>\n<\/tr>\n<tr>\n<td>Material<\/td>\n<td>Kohlenstoffstahl mit Feuerverzinkung oder Edelstahl 304\/316<\/td>\n<\/tr>\n<tr>\n<td>Rohrdurchmesserbereich<\/td>\n<td>21,3 mm \u2013 60,3 mm (\u00be&#8220; \u2013 2&#8243;)<\/td>\n<\/tr>\n<tr>\n<td>Wandst\u00e4rkebereich<\/td>\n<td>2,0 mm \u2013 4,0 mm<\/td>\n<\/tr>\n<tr>\n<td>Standard-Winkeloptionen<\/td>\n<td>90\u00b0-Ecke, 45\u00b0-Winkel, T-Verbindung, Kreuzverbindung<\/td>\n<\/tr>\n<tr>\n<td>Enddicke<\/td>\n<td>Zinkbeschichtung \u2265 60 \u03bcm (feuerverzinkt)<\/td>\n<\/tr>\n<tr>\n<td>Empfohlene Arbeitslast*<\/td>\n<td>Bis zu 1,5 kN pro Gelenk (vertikale statische Last)<\/td>\n<\/tr>\n<tr>\n<td>Temperaturbereich<\/td>\n<td>\u201320 \u00b0C bis +120 \u00b0C (Standardausf\u00fchrung aus Kohlenstoffstahl)<\/td>\n<\/tr>\n<tr>\n<td>Befestigungselemente<\/td>\n<td>Sechskantschrauben und -muttern aus verzinktem oder rostfreiem Stahl der Gr\u00f6\u00dfen M6\u2013M10.<\/td>\n<\/tr>\n<tr>\n<td>Einhaltung<\/td>\n<td>Entspricht den allgemeinen Richtlinien f\u00fcr Baubeschl\u00e4ge gem\u00e4\u00df EN\/ISO.<\/td>\n<\/tr>\n<tr>\n<td>Verpackung<\/td>\n<td>Kartons mit Innens\u00e4cken, 20\u201325 kg pro Karton<\/td>\n<\/tr>\n<\/tbody>\n<\/table>\n<h2>Anwendungen<\/h2>\n<ul>\n<li>Handl\u00e4ufe und Schutzgel\u00e4nder in Industrieanlagen<\/li>\n<li>Sicherheitsbarrieren und Laufstege in Lagerhallen<\/li>\n<li>Verkaufsst\u00e4nder und modulare Regalsysteme<\/li>\n<li>Tempor\u00e4re Veranstaltungsstrukturen und Ausstellungsrahmen<\/li>\n<li>Unterst\u00e4nde f\u00fcr den Au\u00dfenbereich, Markisen und Pergola-Gestelle<\/li>\n<li>Rohrbasierte Halterungen f\u00fcr Solarpaneele oder Schilder<\/li>\n<\/ul>\n","protected":false},"excerpt":{"rendered":"<ul>\n<li><strong>Materialoptionen:<\/strong> Kohlenstoffstahl, Edelstahl 304 und Edelstahl 316, geeignet f\u00fcr den Einsatz in stark korrosiven Umgebungen.<\/li>\n<li><strong>Winkel und Ausf\u00fchrung:<\/strong> Spezielle Winkel, Drehgelenke und Mehrfachsteckverbinder, die auf die jeweiligen Projektanforderungen zugeschnitten sind.<\/li>\n<li><strong>Wiederverwendbares Design<\/strong>: Komponenten k\u00f6nnen neu positioniert oder wiederverwendet werden, wenn Strukturen ver\u00e4ndert oder erweitert werden.<\/li>\n<li><strong>Vielseitige Kompatibilit\u00e4t:<\/strong> Geeignet f\u00fcr g\u00e4ngige Rohrdurchmesser, die bei Handl\u00e4ufen, Gel\u00e4ndern, Regalsystemen und Tragkonstruktionen verwendet werden.<\/li>\n<li><strong>Schnelle Installation: <\/strong> Dank der Schraubkonstruktion ist eine schnelle Montage ohne Schwei\u00dfen, Spezialwerkzeuge oder Genehmigungen f\u00fcr Hei\u00dfarbeiten m\u00f6glich.<\/li>\n<\/ul>\n","protected":false},"featured_media":13787,"comment_status":"closed","ping_status":"closed","template":"","meta":{"_acf_changed":false,"site-sidebar-layout":"default","site-content-layout":"","ast-site-content-layout":"default","site-content-style":"default","site-sidebar-style":"default","ast-global-header-display":"","ast-banner-title-visibility":"","ast-main-header-display":"","ast-hfb-above-header-display":"","ast-hfb-below-header-display":"","ast-hfb-mobile-header-display":"","site-post-title":"","ast-breadcrumbs-content":"","ast-featured-img":"","footer-sml-layout":"","theme-transparent-header-meta":"default","adv-header-id-meta":"","stick-header-meta":"","header-above-stick-meta":"","header-main-stick-meta":"","header-below-stick-meta":"","astra-migrate-meta-layouts":"set","ast-page-background-enabled":"default","ast-page-background-meta":{"desktop":{"background-color":"var(--ast-global-color-5)","background-image":"","background-repeat":"repeat","background-position":"center center","background-size":"auto","background-attachment":"scroll","background-type":"","background-media":"","overlay-type":"","overlay-color":"","overlay-opacity":"","overlay-gradient":""},"tablet":{"background-color":"","background-image":"","background-repeat":"repeat","background-position":"center center","background-size":"auto","background-attachment":"scroll","background-type":"","background-media":"","overlay-type":"","overlay-color":"","overlay-opacity":"","overlay-gradient":""},"mobile":{"background-color":"","background-image":"","background-repeat":"repeat","background-position":"center center","background-size":"auto","background-attachment":"scroll","background-type":"","background-media":"","overlay-type":"","overlay-color":"","overlay-opacity":"","overlay-gradient":""}},"ast-content-background-meta":{"desktop":{"background-color":"var(--ast-global-color-4)","background-image":"","background-repeat":"repeat","background-position":"center center","background-size":"auto","background-attachment":"scroll","background-type":"","background-media":"","overlay-type":"","overlay-color":"","overlay-opacity":"","overlay-gradient":""},"tablet":{"background-color":"var(--ast-global-color-4)","background-image":"","background-repeat":"repeat","background-position":"center center","background-size":"auto","background-attachment":"scroll","background-type":"","background-media":"","overlay-type":"","overlay-color":"","overlay-opacity":"","overlay-gradient":""},"mobile":{"background-color":"var(--ast-global-color-4)","background-image":"","background-repeat":"repeat","background-position":"center center","background-size":"auto","background-attachment":"scroll","background-type":"","background-media":"","overlay-type":"","overlay-color":"","overlay-opacity":"","overlay-gradient":""}}},"product_brand":[],"product_cat":[73],"product_tag":[],"class_list":{"0":"post-13786","1":"product","2":"type-product","3":"status-publish","4":"has-post-thumbnail","6":"product_cat-gussteile","7":"desktop-align-left","8":"tablet-align-left","9":"mobile-align-left","11":"first","12":"instock","13":"shipping-taxable","14":"product-type-simple"},"acf":[],"_links":{"self":[{"href":"https:\/\/www.boberry-mach.com\/de\/wp-json\/wp\/v2\/product\/13786","targetHints":{"allow":["GET"]}}],"collection":[{"href":"https:\/\/www.boberry-mach.com\/de\/wp-json\/wp\/v2\/product"}],"about":[{"href":"https:\/\/www.boberry-mach.com\/de\/wp-json\/wp\/v2\/types\/product"}],"replies":[{"embeddable":true,"href":"https:\/\/www.boberry-mach.com\/de\/wp-json\/wp\/v2\/comments?post=13786"}],"wp:featuredmedia":[{"embeddable":true,"href":"https:\/\/www.boberry-mach.com\/de\/wp-json\/wp\/v2\/media\/13787"}],"wp:attachment":[{"href":"https:\/\/www.boberry-mach.com\/de\/wp-json\/wp\/v2\/media?parent=13786"}],"wp:term":[{"taxonomy":"product_brand","embeddable":true,"href":"https:\/\/www.boberry-mach.com\/de\/wp-json\/wp\/v2\/product_brand?post=13786"},{"taxonomy":"product_cat","embeddable":true,"href":"https:\/\/www.boberry-mach.com\/de\/wp-json\/wp\/v2\/product_cat?post=13786"},{"taxonomy":"product_tag","embeddable":true,"href":"https:\/\/www.boberry-mach.com\/de\/wp-json\/wp\/v2\/product_tag?post=13786"}],"curies":[{"name":"wp","href":"https:\/\/api.w.org\/{rel}","templated":true}]}}