{"id":13299,"date":"2025-06-04T09:55:54","date_gmt":"2025-06-04T01:55:54","guid":{"rendered":"https:\/\/www.boberry-mach.com\/datenschutzrichtlinie\/"},"modified":"2026-03-24T20:04:08","modified_gmt":"2026-03-24T12:04:08","slug":"datenschutzrichtlinie","status":"publish","type":"page","link":"https:\/\/www.boberry-mach.com\/de\/datenschutzrichtlinie\/","title":{"rendered":"Datenschutzrichtlinie"},"content":{"rendered":"\t\t<div data-elementor-type=\"wp-page\" data-elementor-id=\"13299\" class=\"elementor elementor-13299 elementor-917\" data-elementor-settings=\"{&quot;ha_cmc_init_switcher&quot;:&quot;no&quot;}\" data-elementor-post-type=\"page\">\n\t\t\t\t<div class=\"elementor-element elementor-element-14e88ba2 e-flex e-con-boxed wpr-particle-no wpr-jarallax-no wpr-parallax-no wpr-sticky-section-no e-con e-parent\" data-id=\"14e88ba2\" data-element_type=\"container\" data-settings=\"{&quot;_ha_eqh_enable&quot;:false}\">\n\t\t\t\t\t<div class=\"e-con-inner\">\n\t\t\t\t<div class=\"elementor-element elementor-element-7902511e elementor-widget elementor-widget-text-editor\" data-id=\"7902511e\" data-element_type=\"widget\" data-widget_type=\"text-editor.default\">\n\t\t\t\t<div class=\"elementor-widget-container\">\n\t\t\t\t\t\t\t\t\t<p>Willkommen bei Boberry! Wenn Sie unseren Laden besuchen, erkl\u00e4ren Sie sich automatisch mit allen diesen Allgemeinen Gesch\u00e4ftsbedingungen einverstanden. Bitte lesen Sie alle Informationen bez\u00fcglich unserer Richtlinien, Bedingungen und Vereinbarungen sorgf\u00e4ltig durch.<\/p><p>Es ist sehr wichtig, sich um Informationen zu k\u00fcmmern, da wir in einer Informationsgesellschaft leben und man die Art und Weise, wie Informationen genutzt und weitergegeben werden, nicht untersch\u00e4tzen darf.<\/p><p>Vertrauen ist der Grundstein jeder Freundschaft, und wir wissen Ihre Entscheidung, sich f\u00fcr unser Gesch\u00e4ft entschieden zu haben, sehr zu sch\u00e4tzen. Wir gew\u00e4hren Ihnen vollen Zugriff auf verschiedene Arten von Informationen bez\u00fcglich Ihres Kontos.<\/p><p>Bitte beachten Sie au\u00dferdem, dass unsere Website zahlreiche Marken enth\u00e4lt, die sowohl unserem Unternehmen als auch Drittunternehmen geh\u00f6ren k\u00f6nnen.<\/p><p>Die Verwendung von Logos, Symbolen und Dienstleistungsnamen in einer Weise, die geeignet ist, Verwirrung bei unseren Kunden zu stiften, ist verboten und wird als Verletzung des Urheberrechts gewertet.<br>Wir behalten uns das Recht vor, diese Allgemeinen Gesch\u00e4ftsbedingungen jederzeit und ohne vorherige Ank\u00fcndigung zu \u00e4ndern.<\/p><p>Durch die Nutzung dieser Website stimmen Sie den Bedingungen der aktuellsten Version dieser Datenschutzrichtlinie zu. Bitte lesen Sie unsere Nutzungsbedingungen, um die allgemeinen Regeln f\u00fcr die Nutzung dieser Website zu verstehen. Sofern in anderen Haftungsausschl\u00fcssen, Richtlinien, Nutzungsbedingungen oder sonstigen Hinweisen auf dieser Website nichts anderes festgelegt ist, stellen diese Datenschutzrichtlinie und die Nutzungsbedingungen die vollst\u00e4ndige Vereinbarung zwischen Ihnen und boberry-mach.com hinsichtlich Ihrer Nutzung dieser Website dar. Bei der Nutzung bestimmter Dienste oder Materialien in bestimmten Bereichen dieser Website oder beim Folgen eines Links von dieser Website aus k\u00f6nnen zus\u00e4tzliche Bedingungen gelten.<\/p><h2>Einf\u00fchrung<\/h2><p>Die Informationen, die wir erhalten, und wie wir sie verwenden, h\u00e4ngen davon ab, was Sie beim Besuch unserer Website tun. Wir erfassen und verwenden Ihre nicht-personenbezogenen Daten (Informationen, die nicht Ihrer Person zugeordnet werden k\u00f6nnen) anders als Ihre pers\u00f6nlichen Daten.<\/p><p>Was sind nicht-personenbezogene Daten?<\/p><p>Nicht-personenbezogene Daten sind Informationen, die wir \u00fcber diese Website sammeln und die uns nicht als Einzelperson identifizieren. Es kann Informationen wie die folgenden enthalten:<\/p><ol><li>Die Art der von Ihnen verwendeten Webbrowser-Software (z. B. Netscape Navigator oder Internet Explorer).<\/li><li>Der Name der Domain, \u00fcber die Sie auf das Internet zugreifen.<\/li><li>Die Internetadresse der Webseite, von der aus Sie direkt auf unsere Webseite verlinkt haben.<\/li><li>das Datum und die Uhrzeit, zu der Sie unsere Website besuchen.<\/li><li>welche Seiten Sie auf unserer Website besucht haben.<\/li><li>die von Ihnen verwendeten Suchbegriffe.<\/li><li>die Links, auf die Sie klicken.<\/li><li>Pers\u00f6nliche Daten, die nicht mehr personenbezogen sind oder anonymisiert wurden (d. h. Informationen, die keinen R\u00fcckschluss mehr auf einen individuell identifizierbaren Nutzer zulassen).<\/li><\/ol><p>Wenn Sie unsere Website besuchen, um Informationen zu lesen oder herunterzuladen, beispielsweise Informationen \u00fcber eine Gesundheitserkrankung oder \u00fcber eines unserer Produkte, erfassen wir m\u00f6glicherweise bestimmte nicht-personenbezogene Informationen \u00fcber Sie von Ihrem Computer. Diese Informationen werden \u00fcber den Webbrowser Ihres Computers erfasst: Wenn Sie lediglich Informationen auf unserer Website lesen oder herunterladen, erfassen oder speichern wir weder Ihren Namen, Ihre E-Mail-Adresse, Ihre Wohnadresse noch andere pers\u00f6nliche Daten \u00fcber Sie. Wenn Sie unsere Website besuchen, k\u00f6nnen wir eine Textdatei namens Cookie in den Browserdateien Ihres Computers ablegen. Das Cookie kann auf der Festplatte Ihres Computers gespeichert werden. Die Informationen, die wir mithilfe von Cookies sammeln, sind nicht-personenbezogene Informationen. Sie k\u00f6nnen die Verwendung unserer Cookies jederzeit ablehnen, sofern Ihr Browser dies zul\u00e4sst. Beachten Sie jedoch, dass einige Bereiche unserer Website in diesem Fall m\u00f6glicherweise nicht ordnungsgem\u00e4\u00df funktionieren. Wir werden es Dritten, mit Ausnahme der Unternehmen, die wir mit der Erbringung von Dienstleistungen oder Funktionen in unserem Auftrag beauftragen, nicht gestatten, Cookies auf unserer Website zu platzieren.<\/p><h2>Was macht boberry-mach.com mit nicht-personenbezogenen Daten?<\/h2><p>Da nicht-personenbezogene Informationen Sie weder identifizieren noch in irgendeiner Weise mit Ihnen in Verbindung gebracht werden k\u00f6nnen, gibt es keine Einschr\u00e4nkungen hinsichtlich der Art und Weise, wie wir nicht-personenbezogene Informationen verwenden oder weitergeben k\u00f6nnen. Wir sind stets bestrebt, Ihnen einen besseren Service zu bieten und diese Website zu verbessern. Wir werden nicht-personenbezogene Informationen von Ihnen verwenden, um diese Website f\u00fcr Besucher n\u00fctzlicher zu gestalten. Wir werden nicht-personenbezogene Daten auch f\u00fcr andere Gesch\u00e4ftszwecke verwenden. Wir k\u00f6nnen beispielsweise nicht-personenbezogene Informationen oder aggregierte nicht-personenbezogene Informationen verwenden, um:<\/p><ol><li>create reports for internal use to develop programs, products, services, or content.<\/li><li>Passen Sie die Informationen oder Dienstleistungen an, die f\u00fcr Sie von Interesse sind.<\/li><li>Es an Dritte weitergeben oder an Dritte verkaufen.<\/li><li>Bereitstellung aggregierter \u201eVerkehrsstatistiken\u201c und \u201eAntwortquoten\u201c an Dritte.<\/li><\/ol><h2>Was sind personenbezogene Daten?<\/h2><p>Pers\u00f6nliche Daten sind die Informationen, die wir \u00fcber diese Website erfassen und die wir verwenden k\u00f6nnen, um Sie eindeutig zu identifizieren, wie zum Beispiel:<\/p><ol><li>Name<\/li><li>Telefonnummer<\/li><li>E-Mail-Adresse<\/li><li>Seriennummer des Medizinprodukts<\/li><li>pers\u00f6nliche Gesundheitsinformationen<\/li><li>Geburtsdatum<\/li><\/ol><p>An manchen Stellen dieser Website haben Sie die M\u00f6glichkeit, uns pers\u00f6nliche Informationen \u00fcber sich selbst zukommen zu lassen, bestimmte Informationen zu abonnieren oder an einer Aktivit\u00e4t teilzunehmen. Sie k\u00f6nnen beispielsweise ein Registrierungsformular, eine Umfrage oder ein E-Mail-Formular ausf\u00fcllen und sich daf\u00fcr entscheiden, Informationsmaterial \u00fcber unsere Produkte und Therapien zu erhalten.<\/p><p>Sie k\u00f6nnen uns auch erlauben, Ihre Besuche auf der Website zu personalisieren. In diesem Fall werden wir Sie um bestimmte pers\u00f6nliche Informationen bitten, um Ihre Besuche auf unserer Website f\u00fcr Sie n\u00fctzlicher zu gestalten. Wenn diese Informationen mit den nicht-personenbezogenen Informationen kombiniert werden, die wir \u00fcber Cookies sammeln (wie oben beschrieben), k\u00f6nnen wir erkennen, dass Sie unsere Website bereits zuvor besucht haben, und Ihren Zugriff auf unsere Website personalisieren, indem wir Sie beispielsweise \u00fcber neue Funktionen informieren, die f\u00fcr Sie von Interesse sein k\u00f6nnten.<\/p><h2>Wie speichert und verwendet boberry-mach.com personenbezogene Daten?<\/h2><p>Wir d\u00fcrfen die personenbezogenen Daten, die wir \u00fcber diese Website von Ihnen erfassen, speichern und verwenden, um Ihnen den Zugriff auf diese Website zu erm\u00f6glichen. Dar\u00fcber hinaus d\u00fcrfen wir Ihre pers\u00f6nlichen Daten speichern und verwenden:<\/p><ol><li>um auf Ihre Anfragen zu reagieren.<\/li><li>um Ihren Zugriff auf unsere Website zu personalisieren, indem wir Sie beispielsweise \u00fcber neue Funktionen informieren, die f\u00fcr Sie von Interesse sein k\u00f6nnten.<\/li><li>Aufzeichnungen zu erstellen, einschlie\u00dflich Aufzeichnungen Ihrer pers\u00f6nlichen Daten.<\/li><li>um Sie mit Informationen zu kontaktieren, die f\u00fcr Sie von Interesse sein k\u00f6nnten, einschlie\u00dflich Informationen \u00fcber klinische Studien sowie \u00fcber Produkte und Dienstleistungen von uns und anderen Anbietern.<\/li><li>zu Analysezwecken sowie zur Erforschung, Entwicklung und Verbesserung von Programmen, Produkten, Dienstleistungen und Inhalten.<\/li><li>Ihre pers\u00f6nlichen Identifikationsdaten (Ihr Name, Ihre E-Mail-Adresse, Ihre Sozialversicherungsnummer usw.) zu entfernen. In diesem Fall w\u00fcrden Sie nicht mehr als einzelne, einzigartige Person identifiziert werden. Sobald wir haben<\/li><li>Da es sich um identifizierte Informationen handelt, handelt es sich um nicht-personenbezogene Informationen, und wir k\u00f6nnen sie wie andere nicht-personenbezogene Informationen behandeln.<\/li><li>um diese Datenschutzerkl\u00e4rung und andere Regeln bez\u00fcglich Ihrer Nutzung dieser Website durchzusetzen.<\/li><li>um unsere Rechte oder unser Eigentum zu sch\u00fctzen.<\/li><li>um die Gesundheit, Sicherheit oder das Wohlergehen einer Person zu sch\u00fctzen.<\/li><li>einem Gesetz oder einer Verordnung, einem Gerichtsbeschluss oder anderen rechtlichen Verfahren nachzukommen.<\/li><\/ol><p>Wir verf\u00fcgen \u00fcber keine Methode zur \u00dcberpr\u00fcfung von pers\u00f6nlichen oder nicht-pers\u00f6nlichen Informationen, die \u00fcber diese Website gesammelt werden.<\/p><h2>Gibt boberry-mach.com jemals pers\u00f6nliche Daten an Dritte weiter?<\/h2><p>boberry-mach.com wird Ihre auf dieser Website erfassten pers\u00f6nlichen Daten ohne Ihre Zustimmung nicht an unbeteiligte Dritte weitergeben, es sei denn, dies ist in dieser Datenschutzerkl\u00e4rung anderweitig vorgesehen.<\/p><p>Im normalen Gesch\u00e4ftsbetrieb k\u00f6nnen wir bestimmte personenbezogene Daten an Unternehmen weitergeben, die wir beauftragen, Dienstleistungen oder Funktionen in unserem Namen auszuf\u00fchren. In all cases in which we share your personal information with a third party, we will not authorize them to keep, disclose or use your information with others except for the purpose of providing the services we asked them to provide. Wir werden Ihre pers\u00f6nlichen Daten weder verkaufen, austauschen noch ver\u00f6ffentlichen, au\u00dfer im Zusammenhang mit einem Unternehmensverkauf, einer Fusion, einer Aufl\u00f6sung oder einer \u00dcbernahme.<\/p><p>Wir k\u00f6nnen gesetzlich verpflichtet sein, Ihre pers\u00f6nlichen Daten aufgrund einer gerichtlichen Anordnung, einer Vorladung, eines Durchsuchungsbefehls, eines Gesetzes oder einer Verordnung preiszugeben. Wir k\u00f6nnen mit den Strafverfolgungsbeh\u00f6rden zusammenarbeiten, um Website-Besucher zu ermitteln und strafrechtlich zu verfolgen, die gegen unsere Regeln versto\u00dfen oder sich in einer Weise verhalten, die anderen Besuchern schadet (oder illegal ist).<\/p><h2>Wie sieht es mit dem Datenschutz auf anderen Websites aus?<\/h2><p>Diese Website kann Links zu anderen Websites enthalten. Einige dieser Websites werden m\u00f6glicherweise von Boberry betrieben, andere wiederum von Drittanbietern. Wir stellen Ihnen die Links aus Gr\u00fcnden der Benutzerfreundlichkeit zur Verf\u00fcgung, \u00fcberpr\u00fcfen, kontrollieren oder \u00fcberwachen jedoch nicht die Datenschutzpraktiken von Websites, die von Dritten betrieben werden. Diese Datenschutzerkl\u00e4rung gilt nicht f\u00fcr andere Websites, auch nicht f\u00fcr die anderen Websites von boberry-mach.com. Wir \u00fcbernehmen keine Verantwortung f\u00fcr die Leistung von Webseiten, die von Dritten betrieben werden, oder f\u00fcr Ihre Gesch\u00e4ftsbeziehungen mit diesen Dritten. Daher empfehlen wir Ihnen, nach dem Verlassen dieser Website die Datenschutzbestimmungen jeder einzelnen Website zu \u00fcberpr\u00fcfen und sich selbst ein Urteil \u00fcber die Angemessenheit dieser Bestimmungen zu bilden.<\/p><h2>Kommuniziert boberry-mach.com jemals direkt mit den Besuchern dieser Website?<\/h2><p>Wir k\u00f6nnen Sie regelm\u00e4\u00dfig per E-Mail, Post oder Telefon kontaktieren, sofern Sie dieser Kontaktaufnahme zustimmen, um Ihnen Informationen zu Programmen, Produkten, Dienstleistungen und Inhalten zukommen zu lassen, die f\u00fcr Sie von Interesse sein k\u00f6nnten.. Dar\u00fcber hinaus erm\u00f6glichen Ihnen einige Funktionen dieser Website, \u00fcber ein Online-Formular mit uns zu kommunizieren. Wenn Ihre Anfrage eine Antwort von uns erfordert, werden wir Ihnen per E-Mail antworten. Die E-Mail-Antwort oder -Best\u00e4tigung kann Ihre pers\u00f6nlichen Daten enthalten, einschlie\u00dflich pers\u00f6nlicher Informationen \u00fcber Ihre Gesundheit, Ihren Namen, Ihre Adresse usw. Wir k\u00f6nnen nicht garantieren, dass unsere E-Mails an Sie vor unbefugtem Abfangen gesch\u00fctzt sind.<\/p><h2>Wie sieht es mit der Sicherheit der Website aus?<\/h2><p>Sicherheit ist uns sehr wichtig. We also understand that security is important to you. Wir ergreifen angemessene Ma\u00dfnahmen, um Ihre pers\u00f6nlichen Daten vor Verlust, Missbrauch und unbefugtem Zugriff, Offenlegung, \u00c4nderung oder Zerst\u00f6rung zu sch\u00fctzen. Sie sollten bedenken, dass keine Internet\u00fcbertragung jemals zu 100 % sicher oder fehlerfrei ist. Insbesondere E-Mails, die an diese Website gesendet oder von dieser Website empfangen werden, sind m\u00f6glicherweise nicht sicher, und Sie sollten daher besonders sorgf\u00e4ltig \u00fcberlegen, welche Informationen Sie uns per E-Mail zukommen lassen.<\/p>\t\t\t\t\t\t\t\t<\/div>\n\t\t\t\t<\/div>\n\t\t\t\t\t<\/div>\n\t\t\t\t<\/div>\n\t\t\t\t<\/div>\n\t\t","protected":false},"excerpt":{"rendered":"<p>Willkommen bei Boberry! Wenn Sie unseren Laden besuchen, erkl\u00e4ren Sie sich automatisch mit allen diesen Allgemeinen Gesch\u00e4ftsbedingungen einverstanden. Bitte lesen Sie alle Informationen bez\u00fcglich unserer Richtlinien, Bedingungen und Vereinbarungen sorgf\u00e4ltig durch. Es ist sehr wichtig, sich um Informationen zu k\u00fcmmern, da wir in einer Informationsgesellschaft leben und man die Art und Weise, wie Informationen genutzt und weitergegeben werden, nicht untersch\u00e4tzen darf. Vertrauen ist der Grundstein jeder Freundschaft, und wir wissen Ihre Entscheidung, sich f\u00fcr unser Gesch\u00e4ft entschieden zu haben, sehr zu sch\u00e4tzen. Wir gew\u00e4hren Ihnen vollen Zugriff auf verschiedene Arten von Informationen bez\u00fcglich Ihres Kontos. Bitte beachten Sie au\u00dferdem, dass unsere Website zahlreiche Marken enth\u00e4lt, die sowohl unserem Unternehmen als auch Drittunternehmen geh\u00f6ren k\u00f6nnen. Die Verwendung von Logos, Symbolen und Dienstleistungsnamen in einer Weise, die geeignet ist, Verwirrung bei unseren Kunden zu stiften, ist verboten und wird als Verletzung des Urheberrechts gewertet.Wir behalten uns das Recht vor, diese Allgemeinen Gesch\u00e4ftsbedingungen jederzeit und ohne vorherige Ank\u00fcndigung zu \u00e4ndern. Durch die Nutzung dieser Website stimmen Sie den Bedingungen der aktuellsten Version dieser Datenschutzrichtlinie zu. Bitte lesen Sie unsere Nutzungsbedingungen, um die allgemeinen Regeln f\u00fcr die Nutzung dieser Website zu verstehen. Sofern in anderen Haftungsausschl\u00fcssen, Richtlinien, Nutzungsbedingungen oder sonstigen Hinweisen auf dieser Website nichts anderes festgelegt ist, stellen diese Datenschutzrichtlinie und die Nutzungsbedingungen die vollst\u00e4ndige Vereinbarung zwischen Ihnen und boberry-mach.com hinsichtlich Ihrer Nutzung dieser Website dar. Bei der Nutzung bestimmter Dienste oder Materialien in bestimmten Bereichen dieser Website oder beim Folgen eines Links von dieser Website aus k\u00f6nnen zus\u00e4tzliche Bedingungen gelten. Einf\u00fchrung Die Informationen, die wir erhalten, und wie wir sie verwenden, h\u00e4ngen davon ab, was Sie beim Besuch unserer Website tun. Wir erfassen und verwenden Ihre nicht-personenbezogenen Daten (Informationen, die nicht Ihrer Person zugeordnet werden k\u00f6nnen) anders als Ihre pers\u00f6nlichen Daten. Was sind nicht-personenbezogene Daten? Nicht-personenbezogene Daten sind Informationen, die wir \u00fcber diese Website sammeln und die uns nicht als Einzelperson identifizieren. Es kann Informationen wie die folgenden enthalten: Die Art der von Ihnen verwendeten Webbrowser-Software (z. B. Netscape Navigator oder Internet Explorer). Der Name der Domain, \u00fcber die Sie auf das Internet zugreifen. Die Internetadresse der Webseite, von der aus Sie direkt auf unsere Webseite verlinkt haben. das Datum und die Uhrzeit, zu der Sie unsere Website besuchen. welche Seiten Sie auf unserer Website besucht haben. die von Ihnen verwendeten Suchbegriffe. die Links, auf die Sie klicken. Pers\u00f6nliche Daten, die nicht mehr personenbezogen sind oder anonymisiert wurden (d. h. Informationen, die keinen R\u00fcckschluss mehr auf einen individuell identifizierbaren Nutzer zulassen). Wenn Sie unsere Website besuchen, um Informationen zu lesen oder herunterzuladen, beispielsweise Informationen \u00fcber eine Gesundheitserkrankung oder \u00fcber eines unserer Produkte, erfassen wir m\u00f6glicherweise bestimmte nicht-personenbezogene Informationen \u00fcber Sie von Ihrem Computer. Diese Informationen werden \u00fcber den Webbrowser Ihres Computers erfasst: Wenn Sie lediglich Informationen auf unserer Website lesen oder herunterladen, erfassen oder speichern wir weder Ihren Namen, Ihre E-Mail-Adresse, Ihre Wohnadresse noch andere pers\u00f6nliche Daten \u00fcber Sie. Wenn Sie unsere Website besuchen, k\u00f6nnen wir eine Textdatei namens Cookie in den Browserdateien Ihres Computers ablegen. Das Cookie kann auf der Festplatte Ihres Computers gespeichert werden. Die Informationen, die wir mithilfe von Cookies sammeln, sind nicht-personenbezogene Informationen. Sie k\u00f6nnen die Verwendung unserer Cookies jederzeit ablehnen, sofern Ihr Browser dies zul\u00e4sst. Beachten Sie jedoch, dass einige Bereiche unserer Website in diesem Fall m\u00f6glicherweise nicht ordnungsgem\u00e4\u00df funktionieren. Wir werden es Dritten, mit Ausnahme der Unternehmen, die wir mit der Erbringung von Dienstleistungen oder Funktionen in unserem Auftrag beauftragen, nicht gestatten, Cookies auf unserer Website zu platzieren. Was macht boberry-mach.com mit nicht-personenbezogenen Daten? Da nicht-personenbezogene Informationen Sie weder identifizieren noch in irgendeiner Weise mit Ihnen in Verbindung gebracht werden k\u00f6nnen, gibt es keine Einschr\u00e4nkungen hinsichtlich der Art und Weise, wie wir nicht-personenbezogene Informationen verwenden oder weitergeben k\u00f6nnen. Wir sind stets bestrebt, Ihnen einen besseren Service zu bieten und diese Website zu verbessern. Wir werden nicht-personenbezogene Informationen von Ihnen verwenden, um diese Website f\u00fcr Besucher n\u00fctzlicher zu gestalten. Wir werden nicht-personenbezogene Daten auch f\u00fcr andere Gesch\u00e4ftszwecke verwenden. Wir k\u00f6nnen beispielsweise nicht-personenbezogene Informationen oder aggregierte nicht-personenbezogene Informationen verwenden, um: create reports for internal use to develop programs, products, services, or content. Passen Sie die Informationen oder Dienstleistungen an, die f\u00fcr Sie von Interesse sind. Es an Dritte weitergeben oder an Dritte verkaufen. Bereitstellung aggregierter \u201eVerkehrsstatistiken\u201c und \u201eAntwortquoten\u201c an Dritte. Was sind personenbezogene Daten? Pers\u00f6nliche Daten sind die Informationen, die wir \u00fcber diese Website erfassen und die wir verwenden k\u00f6nnen, um Sie eindeutig zu identifizieren, wie zum Beispiel: Name Telefonnummer E-Mail-Adresse Seriennummer des Medizinprodukts pers\u00f6nliche Gesundheitsinformationen Geburtsdatum An manchen Stellen dieser Website haben Sie die M\u00f6glichkeit, uns pers\u00f6nliche Informationen \u00fcber sich selbst zukommen zu lassen, bestimmte Informationen zu abonnieren oder an einer Aktivit\u00e4t teilzunehmen. Sie k\u00f6nnen beispielsweise ein Registrierungsformular, eine Umfrage oder ein E-Mail-Formular ausf\u00fcllen und sich daf\u00fcr entscheiden, Informationsmaterial \u00fcber unsere Produkte und Therapien zu erhalten. Sie k\u00f6nnen uns auch erlauben, Ihre Besuche auf der Website zu personalisieren. In diesem Fall werden wir Sie um bestimmte pers\u00f6nliche Informationen bitten, um Ihre Besuche auf unserer Website f\u00fcr Sie n\u00fctzlicher zu gestalten. Wenn diese Informationen mit den nicht-personenbezogenen Informationen kombiniert werden, die wir \u00fcber Cookies sammeln (wie oben beschrieben), k\u00f6nnen wir erkennen, dass Sie unsere Website bereits zuvor besucht haben, und Ihren Zugriff auf unsere Website personalisieren, indem wir Sie beispielsweise \u00fcber neue Funktionen informieren, die f\u00fcr Sie von Interesse sein k\u00f6nnten. Wie speichert und verwendet boberry-mach.com personenbezogene Daten? Wir d\u00fcrfen die personenbezogenen Daten, die wir \u00fcber diese Website von Ihnen erfassen, speichern und verwenden, um Ihnen den Zugriff auf diese Website zu erm\u00f6glichen. Dar\u00fcber hinaus d\u00fcrfen wir Ihre pers\u00f6nlichen Daten speichern und verwenden: um auf Ihre Anfragen zu reagieren. um Ihren Zugriff auf unsere Website zu personalisieren, indem wir Sie beispielsweise \u00fcber neue Funktionen informieren, die f\u00fcr Sie von Interesse sein k\u00f6nnten. Aufzeichnungen zu erstellen, einschlie\u00dflich Aufzeichnungen Ihrer pers\u00f6nlichen Daten. um Sie mit Informationen zu kontaktieren, die f\u00fcr Sie von Interesse sein k\u00f6nnten, einschlie\u00dflich Informationen \u00fcber klinische Studien sowie \u00fcber Produkte und Dienstleistungen von uns und anderen Anbietern. zu Analysezwecken sowie zur Erforschung, Entwicklung und Verbesserung von Programmen, Produkten, Dienstleistungen und Inhalten. Ihre pers\u00f6nlichen Identifikationsdaten (Ihr Name,<\/p>\n","protected":false},"author":1,"featured_media":0,"parent":0,"menu_order":0,"comment_status":"closed","ping_status":"closed","template":"","meta":{"_acf_changed":false,"site-sidebar-layout":"default","site-content-layout":"","ast-site-content-layout":"default","site-content-style":"default","site-sidebar-style":"default","ast-global-header-display":"","ast-banner-title-visibility":"disabled","ast-main-header-display":"","ast-hfb-above-header-display":"","ast-hfb-below-header-display":"","ast-hfb-mobile-header-display":"disabled","site-post-title":"disabled","ast-breadcrumbs-content":"disabled","ast-featured-img":"disabled","footer-sml-layout":"disabled","theme-transparent-header-meta":"default","adv-header-id-meta":"","stick-header-meta":"","header-above-stick-meta":"","header-main-stick-meta":"","header-below-stick-meta":"","astra-migrate-meta-layouts":"default","ast-page-background-enabled":"default","ast-page-background-meta":{"desktop":{"background-color":"var(--ast-global-color-5)","background-image":"","background-repeat":"repeat","background-position":"center center","background-size":"auto","background-attachment":"scroll","background-type":"","background-media":"","overlay-type":"","overlay-color":"","overlay-opacity":"","overlay-gradient":""},"tablet":{"background-color":"","background-image":"","background-repeat":"repeat","background-position":"center center","background-size":"auto","background-attachment":"scroll","background-type":"","background-media":"","overlay-type":"","overlay-color":"","overlay-opacity":"","overlay-gradient":""},"mobile":{"background-color":"","background-image":"","background-repeat":"repeat","background-position":"center center","background-size":"auto","background-attachment":"scroll","background-type":"","background-media":"","overlay-type":"","overlay-color":"","overlay-opacity":"","overlay-gradient":""}},"ast-content-background-meta":{"desktop":{"background-color":"var(--ast-global-color-4)","background-image":"","background-repeat":"repeat","background-position":"center center","background-size":"auto","background-attachment":"scroll","background-type":"","background-media":"","overlay-type":"","overlay-color":"","overlay-opacity":"","overlay-gradient":""},"tablet":{"background-color":"var(--ast-global-color-4)","background-image":"","background-repeat":"repeat","background-position":"center center","background-size":"auto","background-attachment":"scroll","background-type":"","background-media":"","overlay-type":"","overlay-color":"","overlay-opacity":"","overlay-gradient":""},"mobile":{"background-color":"var(--ast-global-color-4)","background-image":"","background-repeat":"repeat","background-position":"center center","background-size":"auto","background-attachment":"scroll","background-type":"","background-media":"","overlay-type":"","overlay-color":"","overlay-opacity":"","overlay-gradient":""}},"footnotes":""},"class_list":["post-13299","page","type-page","status-publish","hentry"],"acf":[],"_links":{"self":[{"href":"https:\/\/www.boberry-mach.com\/de\/wp-json\/wp\/v2\/pages\/13299","targetHints":{"allow":["GET"]}}],"collection":[{"href":"https:\/\/www.boberry-mach.com\/de\/wp-json\/wp\/v2\/pages"}],"about":[{"href":"https:\/\/www.boberry-mach.com\/de\/wp-json\/wp\/v2\/types\/page"}],"author":[{"embeddable":true,"href":"https:\/\/www.boberry-mach.com\/de\/wp-json\/wp\/v2\/users\/1"}],"replies":[{"embeddable":true,"href":"https:\/\/www.boberry-mach.com\/de\/wp-json\/wp\/v2\/comments?post=13299"}],"version-history":[{"count":3,"href":"https:\/\/www.boberry-mach.com\/de\/wp-json\/wp\/v2\/pages\/13299\/revisions"}],"predecessor-version":[{"id":13302,"href":"https:\/\/www.boberry-mach.com\/de\/wp-json\/wp\/v2\/pages\/13299\/revisions\/13302"}],"wp:attachment":[{"href":"https:\/\/www.boberry-mach.com\/de\/wp-json\/wp\/v2\/media?parent=13299"}],"curies":[{"name":"wp","href":"https:\/\/api.w.org\/{rel}","templated":true}]}}